{"id":155,"date":"2025-05-12T01:06:56","date_gmt":"2025-05-12T01:06:56","guid":{"rendered":"https:\/\/xn--lasmuecas-p6a.ch\/?page_id=155"},"modified":"2025-05-27T20:13:37","modified_gmt":"2025-05-27T20:13:37","slug":"brenda","status":"publish","type":"page","link":"https:\/\/xn--lasmuecas-p6a.ch\/?page_id=155","title":{"rendered":"BRENDA"},"content":{"rendered":"\t\t<div data-elementor-type=\"wp-page\" data-elementor-id=\"155\" class=\"elementor elementor-155\">\n\t\t\t\t<div class=\"elementor-element elementor-element-9ac0049 e-flex e-con-boxed e-con e-parent\" data-id=\"9ac0049\" data-element_type=\"container\">\n\t\t\t\t\t<div class=\"e-con-inner\">\n\t\t\t\t<div class=\"elementor-element elementor-element-52a0646 elementor-align-center elementor-widget elementor-widget-button\" data-id=\"52a0646\" data-element_type=\"widget\" data-widget_type=\"button.default\">\n\t\t\t\t<div class=\"elementor-widget-container\">\n\t\t\t\t\t\t\t\t\t<div class=\"elementor-button-wrapper\">\n\t\t\t\t\t<a class=\"elementor-button elementor-button-link elementor-size-sm\" href=\"https:\/\/api.whatsapp.com\/send\/?phone=41767572625&#038;text=Hola+BRENDA+%2C+ich+habe+dein+Inserat+auf+%2Alasmu\u00f1ecas.ch%2A+gesehen.&#038;type=phone_number&#038;app_absent=0\">\n\t\t\t\t\t\t<span class=\"elementor-button-content-wrapper\">\n\t\t\t\t\t\t<span class=\"elementor-button-icon\">\n\t\t\t\t<svg aria-hidden=\"true\" class=\"e-font-icon-svg e-fab-whatsapp-square\" viewBox=\"0 0 448 512\" xmlns=\"http:\/\/www.w3.org\/2000\/svg\"><path d=\"M224 122.8c-72.7 0-131.8 59.1-131.9 131.8 0 24.9 7 49.2 20.2 70.1l3.1 5-13.3 48.6 49.9-13.1 4.8 2.9c20.2 12 43.4 18.4 67.1 18.4h.1c72.6 0 133.3-59.1 133.3-131.8 0-35.2-15.2-68.3-40.1-93.2-25-25-58-38.7-93.2-38.7zm77.5 188.4c-3.3 9.3-19.1 17.7-26.7 18.8-12.6 1.9-22.4.9-47.5-9.9-39.7-17.2-65.7-57.2-67.7-59.8-2-2.6-16.2-21.5-16.2-41s10.2-29.1 13.9-33.1c3.6-4 7.9-5 10.6-5 2.6 0 5.3 0 7.6.1 2.4.1 5.7-.9 8.9 6.8 3.3 7.9 11.2 27.4 12.2 29.4s1.7 4.3.3 6.9c-7.6 15.2-15.7 14.6-11.6 21.6 15.3 26.3 30.6 35.4 53.9 47.1 4 2 6.3 1.7 8.6-1 2.3-2.6 9.9-11.6 12.5-15.5 2.6-4 5.3-3.3 8.9-2 3.6 1.3 23.1 10.9 27.1 12.9s6.6 3 7.6 4.6c.9 1.9.9 9.9-2.4 19.1zM400 32H48C21.5 32 0 53.5 0 80v352c0 26.5 21.5 48 48 48h352c26.5 0 48-21.5 48-48V80c0-26.5-21.5-48-48-48zM223.9 413.2c-26.6 0-52.7-6.7-75.8-19.3L64 416l22.5-82.2c-13.9-24-21.2-51.3-21.2-79.3C65.4 167.1 136.5 96 223.9 96c42.4 0 82.2 16.5 112.2 46.5 29.9 30 47.9 69.8 47.9 112.2 0 87.4-72.7 158.5-160.1 158.5z\"><\/path><\/svg>\t\t\t<\/span>\n\t\t\t\t\t\t\t\t\t<span class=\"elementor-button-text\">WHATSAPP<\/span>\n\t\t\t\t\t<\/span>\n\t\t\t\t\t<\/a>\n\t\t\t\t<\/div>\n\t\t\t\t\t\t\t\t<\/div>\n\t\t\t\t<\/div>\n\t\t\t\t\t<\/div>\n\t\t\t\t<\/div>\n\t\t<div class=\"elementor-element elementor-element-f8880ef e-flex e-con-boxed e-con e-parent\" data-id=\"f8880ef\" data-element_type=\"container\">\n\t\t\t\t\t<div class=\"e-con-inner\">\n\t\t<div class=\"elementor-element elementor-element-0d31742 e-con-full e-flex e-con e-child\" data-id=\"0d31742\" data-element_type=\"container\">\n\t\t\t\t<div class=\"elementor-element elementor-element-89e8452 elementor-view-default elementor-widget elementor-widget-icon\" data-id=\"89e8452\" data-element_type=\"widget\" data-widget_type=\"icon.default\">\n\t\t\t\t<div class=\"elementor-widget-container\">\n\t\t\t\t\t\t\t<div class=\"elementor-icon-wrapper\">\n\t\t\t<div class=\"elementor-icon\">\n\t\t\t<svg aria-hidden=\"true\" class=\"e-font-icon-svg e-fas-phone-volume\" viewBox=\"0 0 384 512\" xmlns=\"http:\/\/www.w3.org\/2000\/svg\"><path d=\"M97.333 506.966c-129.874-129.874-129.681-340.252 0-469.933 5.698-5.698 14.527-6.632 21.263-2.422l64.817 40.513a17.187 17.187 0 0 1 6.849 20.958l-32.408 81.021a17.188 17.188 0 0 1-17.669 10.719l-55.81-5.58c-21.051 58.261-20.612 122.471 0 179.515l55.811-5.581a17.188 17.188 0 0 1 17.669 10.719l32.408 81.022a17.188 17.188 0 0 1-6.849 20.958l-64.817 40.513a17.19 17.19 0 0 1-21.264-2.422zM247.126 95.473c11.832 20.047 11.832 45.008 0 65.055-3.95 6.693-13.108 7.959-18.718 2.581l-5.975-5.726c-3.911-3.748-4.793-9.622-2.261-14.41a32.063 32.063 0 0 0 0-29.945c-2.533-4.788-1.65-10.662 2.261-14.41l5.975-5.726c5.61-5.378 14.768-4.112 18.718 2.581zm91.787-91.187c60.14 71.604 60.092 175.882 0 247.428-4.474 5.327-12.53 5.746-17.552.933l-5.798-5.557c-4.56-4.371-4.977-11.529-.93-16.379 49.687-59.538 49.646-145.933 0-205.422-4.047-4.85-3.631-12.008.93-16.379l5.798-5.557c5.022-4.813 13.078-4.394 17.552.933zm-45.972 44.941c36.05 46.322 36.108 111.149 0 157.546-4.39 5.641-12.697 6.251-17.856 1.304l-5.818-5.579c-4.4-4.219-4.998-11.095-1.285-15.931 26.536-34.564 26.534-82.572 0-117.134-3.713-4.836-3.115-11.711 1.285-15.931l5.818-5.579c5.159-4.947 13.466-4.337 17.856 1.304z\"><\/path><\/svg>\t\t\t<\/div>\n\t\t<\/div>\n\t\t\t\t\t\t<\/div>\n\t\t\t\t<\/div>\n\t\t\t\t<\/div>\n\t\t<div class=\"elementor-element elementor-element-3676e78 e-con-full e-flex e-con e-child\" data-id=\"3676e78\" data-element_type=\"container\">\n\t\t\t\t<div class=\"elementor-element elementor-element-b2d11d1 elementor-widget elementor-widget-heading\" data-id=\"b2d11d1\" data-element_type=\"widget\" data-widget_type=\"heading.default\">\n\t\t\t\t<div class=\"elementor-widget-container\">\n\t\t\t\t\t<h2 class=\"elementor-heading-title elementor-size-default\">+41 76 757 26 25<\/h2>\t\t\t\t<\/div>\n\t\t\t\t<\/div>\n\t\t\t\t<\/div>\n\t\t\t\t\t<\/div>\n\t\t\t\t<\/div>\n\t\t<div class=\"elementor-element elementor-element-f71663c e-flex e-con-boxed e-con e-parent\" data-id=\"f71663c\" data-element_type=\"container\">\n\t\t\t\t\t<div class=\"e-con-inner\">\n\t\t\t\t<div class=\"elementor-element elementor-element-9ea7060 elementor-arrows-position-inside elementor-pagination-position-outside elementor-widget elementor-widget-image-carousel\" data-id=\"9ea7060\" data-element_type=\"widget\" data-settings=\"{&quot;autoplay_speed&quot;:1000,&quot;speed&quot;:300,&quot;slides_to_scroll_mobile&quot;:&quot;1&quot;,&quot;navigation&quot;:&quot;both&quot;,&quot;autoplay&quot;:&quot;yes&quot;,&quot;pause_on_hover&quot;:&quot;yes&quot;,&quot;pause_on_interaction&quot;:&quot;yes&quot;,&quot;infinite&quot;:&quot;yes&quot;}\" data-widget_type=\"image-carousel.default\">\n\t\t\t\t<div class=\"elementor-widget-container\">\n\t\t\t\t\t\t\t<div class=\"elementor-image-carousel-wrapper swiper\" role=\"region\" aria-roledescription=\"carousel\" aria-label=\"Bild Karussell\" dir=\"ltr\">\n\t\t\t<div class=\"elementor-image-carousel swiper-wrapper\" aria-live=\"off\">\n\t\t\t\t\t\t\t\t<div class=\"swiper-slide\" role=\"group\" aria-roledescription=\"slide\" aria-label=\"1 von 5\"><a data-elementor-open-lightbox=\"yes\" data-elementor-lightbox-slideshow=\"9ea7060\" data-elementor-lightbox-title=\"WhatsApp Image 2025-05-08 at 23.57.32\" data-e-action-hash=\"#elementor-action%3Aaction%3Dlightbox%26settings%3DeyJpZCI6MzgsInVybCI6Imh0dHBzOlwvXC94bi0tbGFzbXVlY2FzLXA2YS5jaFwvd3AtY29udGVudFwvdXBsb2Fkc1wvMjAyNVwvMDVcL1doYXRzQXBwLUltYWdlLTIwMjUtMDUtMDgtYXQtMjMuNTcuMzIuanBlZyIsInNsaWRlc2hvdyI6IjllYTcwNjAifQ%3D%3D\" href=\"https:\/\/xn--lasmuecas-p6a.ch\/wp-content\/uploads\/2025\/05\/WhatsApp-Image-2025-05-08-at-23.57.32.jpeg\"><figure class=\"swiper-slide-inner\"><img decoding=\"async\" class=\"swiper-slide-image\" src=\"https:\/\/xn--lasmuecas-p6a.ch\/wp-content\/uploads\/2025\/05\/WhatsApp-Image-2025-05-08-at-23.57.32-150x150.jpeg\" alt=\"WhatsApp Image 2025-05-08 at 23.57.32\" \/><\/figure><\/a><\/div><div class=\"swiper-slide\" role=\"group\" aria-roledescription=\"slide\" aria-label=\"2 von 5\"><a data-elementor-open-lightbox=\"yes\" data-elementor-lightbox-slideshow=\"9ea7060\" data-elementor-lightbox-title=\"WhatsApp Image 2025-05-08 at 23.57.32 (2)\" data-e-action-hash=\"#elementor-action%3Aaction%3Dlightbox%26settings%3DeyJpZCI6MzYsInVybCI6Imh0dHBzOlwvXC94bi0tbGFzbXVlY2FzLXA2YS5jaFwvd3AtY29udGVudFwvdXBsb2Fkc1wvMjAyNVwvMDVcL1doYXRzQXBwLUltYWdlLTIwMjUtMDUtMDgtYXQtMjMuNTcuMzItMi5qcGVnIiwic2xpZGVzaG93IjoiOWVhNzA2MCJ9\" href=\"https:\/\/xn--lasmuecas-p6a.ch\/wp-content\/uploads\/2025\/05\/WhatsApp-Image-2025-05-08-at-23.57.32-2.jpeg\"><figure class=\"swiper-slide-inner\"><img decoding=\"async\" class=\"swiper-slide-image\" src=\"https:\/\/xn--lasmuecas-p6a.ch\/wp-content\/uploads\/2025\/05\/WhatsApp-Image-2025-05-08-at-23.57.32-2-150x150.jpeg\" alt=\"WhatsApp Image 2025-05-08 at 23.57.32 (2)\" \/><\/figure><\/a><\/div><div class=\"swiper-slide\" role=\"group\" aria-roledescription=\"slide\" aria-label=\"3 von 5\"><a data-elementor-open-lightbox=\"yes\" data-elementor-lightbox-slideshow=\"9ea7060\" data-elementor-lightbox-title=\"WhatsApp Image 2025-05-08 at 23.57.32 (4)\" data-e-action-hash=\"#elementor-action%3Aaction%3Dlightbox%26settings%3DeyJpZCI6MzQsInVybCI6Imh0dHBzOlwvXC94bi0tbGFzbXVlY2FzLXA2YS5jaFwvd3AtY29udGVudFwvdXBsb2Fkc1wvMjAyNVwvMDVcL1doYXRzQXBwLUltYWdlLTIwMjUtMDUtMDgtYXQtMjMuNTcuMzItNC5qcGVnIiwic2xpZGVzaG93IjoiOWVhNzA2MCJ9\" href=\"https:\/\/xn--lasmuecas-p6a.ch\/wp-content\/uploads\/2025\/05\/WhatsApp-Image-2025-05-08-at-23.57.32-4.jpeg\"><figure class=\"swiper-slide-inner\"><img decoding=\"async\" class=\"swiper-slide-image\" src=\"https:\/\/xn--lasmuecas-p6a.ch\/wp-content\/uploads\/2025\/05\/WhatsApp-Image-2025-05-08-at-23.57.32-4-150x150.jpeg\" alt=\"WhatsApp Image 2025-05-08 at 23.57.32 (4)\" \/><\/figure><\/a><\/div><div class=\"swiper-slide\" role=\"group\" aria-roledescription=\"slide\" aria-label=\"4 von 5\"><a data-elementor-open-lightbox=\"yes\" data-elementor-lightbox-slideshow=\"9ea7060\" data-elementor-lightbox-title=\"WhatsApp Image 2025-05-08 at 23.57.32 (1)\" data-e-action-hash=\"#elementor-action%3Aaction%3Dlightbox%26settings%3DeyJpZCI6MzcsInVybCI6Imh0dHBzOlwvXC94bi0tbGFzbXVlY2FzLXA2YS5jaFwvd3AtY29udGVudFwvdXBsb2Fkc1wvMjAyNVwvMDVcL1doYXRzQXBwLUltYWdlLTIwMjUtMDUtMDgtYXQtMjMuNTcuMzItMS5qcGVnIiwic2xpZGVzaG93IjoiOWVhNzA2MCJ9\" href=\"https:\/\/xn--lasmuecas-p6a.ch\/wp-content\/uploads\/2025\/05\/WhatsApp-Image-2025-05-08-at-23.57.32-1.jpeg\"><figure class=\"swiper-slide-inner\"><img decoding=\"async\" class=\"swiper-slide-image\" src=\"https:\/\/xn--lasmuecas-p6a.ch\/wp-content\/uploads\/2025\/05\/WhatsApp-Image-2025-05-08-at-23.57.32-1-150x150.jpeg\" alt=\"WhatsApp Image 2025-05-08 at 23.57.32 (1)\" \/><\/figure><\/a><\/div><div class=\"swiper-slide\" role=\"group\" aria-roledescription=\"slide\" aria-label=\"5 von 5\"><a data-elementor-open-lightbox=\"yes\" data-elementor-lightbox-slideshow=\"9ea7060\" data-elementor-lightbox-title=\"WhatsApp Image 2025-05-08 at 23.57.32 (3)\" data-e-action-hash=\"#elementor-action%3Aaction%3Dlightbox%26settings%3DeyJpZCI6MzUsInVybCI6Imh0dHBzOlwvXC94bi0tbGFzbXVlY2FzLXA2YS5jaFwvd3AtY29udGVudFwvdXBsb2Fkc1wvMjAyNVwvMDVcL1doYXRzQXBwLUltYWdlLTIwMjUtMDUtMDgtYXQtMjMuNTcuMzItMy5qcGVnIiwic2xpZGVzaG93IjoiOWVhNzA2MCJ9\" href=\"https:\/\/xn--lasmuecas-p6a.ch\/wp-content\/uploads\/2025\/05\/WhatsApp-Image-2025-05-08-at-23.57.32-3.jpeg\"><figure class=\"swiper-slide-inner\"><img decoding=\"async\" class=\"swiper-slide-image\" src=\"https:\/\/xn--lasmuecas-p6a.ch\/wp-content\/uploads\/2025\/05\/WhatsApp-Image-2025-05-08-at-23.57.32-3-150x150.jpeg\" alt=\"WhatsApp Image 2025-05-08 at 23.57.32 (3)\" \/><\/figure><\/a><\/div>\t\t\t<\/div>\n\t\t\t\t\t\t\t\t\t\t\t\t<div class=\"elementor-swiper-button elementor-swiper-button-prev\" role=\"button\" tabindex=\"0\">\n\t\t\t\t\t\t<svg aria-hidden=\"true\" class=\"e-font-icon-svg e-eicon-chevron-left\" viewBox=\"0 0 1000 1000\" xmlns=\"http:\/\/www.w3.org\/2000\/svg\"><path d=\"M646 125C629 125 613 133 604 142L308 442C296 454 292 471 292 487 292 504 296 521 308 533L604 854C617 867 629 875 646 875 663 875 679 871 692 858 704 846 713 829 713 812 713 796 708 779 692 767L438 487 692 225C700 217 708 204 708 187 708 171 704 154 692 142 675 129 663 125 646 125Z\"><\/path><\/svg>\t\t\t\t\t<\/div>\n\t\t\t\t\t<div class=\"elementor-swiper-button elementor-swiper-button-next\" role=\"button\" tabindex=\"0\">\n\t\t\t\t\t\t<svg aria-hidden=\"true\" class=\"e-font-icon-svg e-eicon-chevron-right\" viewBox=\"0 0 1000 1000\" xmlns=\"http:\/\/www.w3.org\/2000\/svg\"><path d=\"M696 533C708 521 713 504 713 487 713 471 708 454 696 446L400 146C388 133 375 125 354 125 338 125 325 129 313 142 300 154 292 171 292 187 292 204 296 221 308 233L563 492 304 771C292 783 288 800 288 817 288 833 296 850 308 863 321 871 338 875 354 875 371 875 388 867 400 854L696 533Z\"><\/path><\/svg>\t\t\t\t\t<\/div>\n\t\t\t\t\n\t\t\t\t\t\t\t\t\t<div class=\"swiper-pagination\"><\/div>\n\t\t\t\t\t\t\t\t\t<\/div>\n\t\t\t\t\t\t<\/div>\n\t\t\t\t<\/div>\n\t\t\t\t<div class=\"elementor-element elementor-element-2f022b2 elementor-widget elementor-widget-image\" data-id=\"2f022b2\" data-element_type=\"widget\" data-widget_type=\"image.default\">\n\t\t\t\t<div class=\"elementor-widget-container\">\n\t\t\t\t\t\t\t\t\t\t\t\t\t\t\t\t<a href=\"https:\/\/xn--lasmuecas-p6a.ch\/wp-content\/uploads\/2025\/05\/WhatsApp-Image-2025-05-08-at-23.57.32-2.jpeg\" data-elementor-open-lightbox=\"yes\" data-elementor-lightbox-title=\"WhatsApp Image 2025-05-08 at 23.57.32 (2)\" data-e-action-hash=\"#elementor-action%3Aaction%3Dlightbox%26settings%3DeyJpZCI6MzYsInVybCI6Imh0dHBzOlwvXC94bi0tbGFzbXVlY2FzLXA2YS5jaFwvd3AtY29udGVudFwvdXBsb2Fkc1wvMjAyNVwvMDVcL1doYXRzQXBwLUltYWdlLTIwMjUtMDUtMDgtYXQtMjMuNTcuMzItMi5qcGVnIn0%3D\">\n\t\t\t\t\t\t\t<img fetchpriority=\"high\" decoding=\"async\" width=\"450\" height=\"600\" src=\"https:\/\/xn--lasmuecas-p6a.ch\/wp-content\/uploads\/2025\/05\/WhatsApp-Image-2025-05-08-at-23.57.32-2.jpeg\" class=\"attachment-large size-large wp-image-36\" alt=\"\" srcset=\"https:\/\/xn--lasmuecas-p6a.ch\/wp-content\/uploads\/2025\/05\/WhatsApp-Image-2025-05-08-at-23.57.32-2.jpeg 450w, https:\/\/xn--lasmuecas-p6a.ch\/wp-content\/uploads\/2025\/05\/WhatsApp-Image-2025-05-08-at-23.57.32-2-225x300.jpeg 225w\" sizes=\"(max-width: 450px) 100vw, 450px\" \/>\t\t\t\t\t\t\t\t<\/a>\n\t\t\t\t\t\t\t\t\t\t\t\t\t\t\t<\/div>\n\t\t\t\t<\/div>\n\t\t\t\t\t<\/div>\n\t\t\t\t<\/div>\n\t\t<div class=\"elementor-element elementor-element-11fbb0c e-flex e-con-boxed e-con e-parent\" data-id=\"11fbb0c\" data-element_type=\"container\">\n\t\t\t\t\t<div class=\"e-con-inner\">\n\t\t\t\t<div class=\"elementor-element elementor-element-dbd98c0 elementor-widget elementor-widget-text-editor\" data-id=\"dbd98c0\" data-element_type=\"widget\" data-widget_type=\"text-editor.default\">\n\t\t\t\t<div class=\"elementor-widget-container\">\n\t\t\t\t\t\t\t\t\t<p class=\"ds-markdown-paragraph\">Ich bin Brenda 22 Jahre alt, neu in der Stadt und ein geiles, verspieltes M\u00e4dchen, das wilden und unbefangenen Sex liebt.<\/p><p class=\"ds-markdown-paragraph\">Meine feuchte Muschi ist richtig hei\u00df und m\u00f6chte von deiner Zunge verw\u00f6hnt und dann von deinem harten, hei\u00dfen Schwanz in verschiedenen Stellungen gefickt werden.<\/p><p class=\"ds-markdown-paragraph\">Ich erf\u00fclle ALL deine Fantasien.<\/p><p class=\"ds-markdown-paragraph\">Mit mir wird nicht viel geredet \u2013 ich komme direkt zur Sache. Ich werde deinen hei\u00dfen Schwanz wie einen Vulkan explodieren lassen, auch mit meinen hei\u00dfen Lippen.<\/p><p class=\"ds-markdown-paragraph\">Preise und den gesamten erstklassigen Service kannst du per WhatsApp erfragen!<\/p><p class=\"ds-markdown-paragraph\">Ich freue mich sehr darauf, dich kennenzulernen, und bin schon ganz aufgeregt, viele hei\u00dfe und schmutzige Dinge mit dir zu erleben.<\/p>\t\t\t\t\t\t\t\t<\/div>\n\t\t\t\t<\/div>\n\t\t\t\t\t<\/div>\n\t\t\t\t<\/div>\n\t\t\t\t<\/div>\n\t\t","protected":false},"excerpt":{"rendered":"<p>WHATSAPP +41 76 757 26 25 Ich bin Brenda 22 Jahre alt, neu in der Stadt und ein geiles, verspieltes M\u00e4dchen, das wilden und unbefangenen Sex liebt. Meine feuchte Muschi ist richtig hei\u00df und m\u00f6chte von deiner Zunge verw\u00f6hnt und dann von deinem harten, hei\u00dfen Schwanz in verschiedenen Stellungen gefickt werden. Ich erf\u00fclle ALL deine [&hellip;]<\/p>\n","protected":false},"author":1,"featured_media":0,"parent":0,"menu_order":0,"comment_status":"closed","ping_status":"closed","template":"","meta":{"footnotes":""},"class_list":["post-155","page","type-page","status-publish","hentry"],"_links":{"self":[{"href":"https:\/\/xn--lasmuecas-p6a.ch\/index.php?rest_route=\/wp\/v2\/pages\/155","targetHints":{"allow":["GET"]}}],"collection":[{"href":"https:\/\/xn--lasmuecas-p6a.ch\/index.php?rest_route=\/wp\/v2\/pages"}],"about":[{"href":"https:\/\/xn--lasmuecas-p6a.ch\/index.php?rest_route=\/wp\/v2\/types\/page"}],"author":[{"embeddable":true,"href":"https:\/\/xn--lasmuecas-p6a.ch\/index.php?rest_route=\/wp\/v2\/users\/1"}],"replies":[{"embeddable":true,"href":"https:\/\/xn--lasmuecas-p6a.ch\/index.php?rest_route=%2Fwp%2Fv2%2Fcomments&post=155"}],"version-history":[{"count":126,"href":"https:\/\/xn--lasmuecas-p6a.ch\/index.php?rest_route=\/wp\/v2\/pages\/155\/revisions"}],"predecessor-version":[{"id":734,"href":"https:\/\/xn--lasmuecas-p6a.ch\/index.php?rest_route=\/wp\/v2\/pages\/155\/revisions\/734"}],"wp:attachment":[{"href":"https:\/\/xn--lasmuecas-p6a.ch\/index.php?rest_route=%2Fwp%2Fv2%2Fmedia&parent=155"}],"curies":[{"name":"wp","href":"https:\/\/api.w.org\/{rel}","templated":true}]}}