{"id":43,"date":"2025-05-10T21:12:17","date_gmt":"2025-05-10T21:12:17","guid":{"rendered":"https:\/\/xn--lasmuecas-p6a.ch\/?page_id=43"},"modified":"2025-06-08T16:43:42","modified_gmt":"2025-06-08T16:43:42","slug":"bienvenioo","status":"publish","type":"page","link":"https:\/\/xn--lasmuecas-p6a.ch\/","title":{"rendered":""},"content":{"rendered":"\t\t<div data-elementor-type=\"wp-page\" data-elementor-id=\"43\" class=\"elementor elementor-43\">\n\t\t\t\t<div class=\"elementor-element elementor-element-c77e4e1 e-flex e-con-boxed e-con e-parent\" data-id=\"c77e4e1\" data-element_type=\"container\" data-settings=\"{&quot;animation_mobile&quot;:&quot;zoomIn&quot;}\">\n\t\t\t\t\t<div class=\"e-con-inner\">\n\t\t\t\t<div class=\"elementor-element elementor-element-467558b elementor-widget elementor-widget-heading\" data-id=\"467558b\" data-element_type=\"widget\" data-widget_type=\"heading.default\">\n\t\t\t\t<div class=\"elementor-widget-container\">\n\t\t\t\t\t<h2 class=\"elementor-heading-title elementor-size-default\">REBECCA<\/h2>\t\t\t\t<\/div>\n\t\t\t\t<\/div>\n\t\t\t\t<div class=\"elementor-element elementor-element-1f940ac elementor-widget elementor-widget-image\" data-id=\"1f940ac\" data-element_type=\"widget\" data-widget_type=\"image.default\">\n\t\t\t\t<div class=\"elementor-widget-container\">\n\t\t\t\t\t\t\t\t\t\t\t\t\t\t\t\t<a href=\"https:\/\/xn--lasmuecas-p6a.ch\/?page_id=255\" target=\"_blank\">\n\t\t\t\t\t\t\t<img fetchpriority=\"high\" decoding=\"async\" width=\"768\" height=\"904\" src=\"https:\/\/xn--lasmuecas-p6a.ch\/wp-content\/uploads\/2025\/05\/WhatsApp-Image-2025-05-27-at-13.57.45-5-768x904.jpeg\" class=\"attachment-medium_large size-medium_large wp-image-586\" alt=\"\" srcset=\"https:\/\/xn--lasmuecas-p6a.ch\/wp-content\/uploads\/2025\/05\/WhatsApp-Image-2025-05-27-at-13.57.45-5-768x904.jpeg 768w, https:\/\/xn--lasmuecas-p6a.ch\/wp-content\/uploads\/2025\/05\/WhatsApp-Image-2025-05-27-at-13.57.45-5-255x300.jpeg 255w, https:\/\/xn--lasmuecas-p6a.ch\/wp-content\/uploads\/2025\/05\/WhatsApp-Image-2025-05-27-at-13.57.45-5-870x1024.jpeg 870w, https:\/\/xn--lasmuecas-p6a.ch\/wp-content\/uploads\/2025\/05\/WhatsApp-Image-2025-05-27-at-13.57.45-5.jpeg 1080w\" sizes=\"(max-width: 768px) 100vw, 768px\" \/>\t\t\t\t\t\t\t\t<\/a>\n\t\t\t\t\t\t\t\t\t\t\t\t\t\t\t<\/div>\n\t\t\t\t<\/div>\n\t\t\t\t\t<\/div>\n\t\t\t\t<\/div>\n\t\t<div class=\"elementor-element elementor-element-1a0e2c2 e-flex e-con-boxed e-con e-parent\" data-id=\"1a0e2c2\" data-element_type=\"container\" data-settings=\"{&quot;animation_mobile&quot;:&quot;zoomIn&quot;}\">\n\t\t\t\t\t<div class=\"e-con-inner\">\n\t\t\t\t<div class=\"elementor-element elementor-element-21cd510 elementor-widget elementor-widget-heading\" data-id=\"21cd510\" data-element_type=\"widget\" data-widget_type=\"heading.default\">\n\t\t\t\t<div class=\"elementor-widget-container\">\n\t\t\t\t\t<h2 class=\"elementor-heading-title elementor-size-default\">LORENA<\/h2>\t\t\t\t<\/div>\n\t\t\t\t<\/div>\n\t\t\t\t<div class=\"elementor-element elementor-element-91969f5 elementor-widget elementor-widget-image\" data-id=\"91969f5\" data-element_type=\"widget\" data-widget_type=\"image.default\">\n\t\t\t\t<div class=\"elementor-widget-container\">\n\t\t\t\t\t\t\t\t\t\t\t\t\t\t\t\t<a href=\"https:\/\/xn--lasmuecas-p6a.ch\/?page_id=769\" target=\"_blank\">\n\t\t\t\t\t\t\t<img decoding=\"async\" width=\"745\" height=\"970\" src=\"https:\/\/xn--lasmuecas-p6a.ch\/wp-content\/uploads\/2025\/06\/e15b7d7c-a05f-4aeb-acd9-f79085f70c3b.jpg\" class=\"attachment-medium_large size-medium_large wp-image-844\" alt=\"\" srcset=\"https:\/\/xn--lasmuecas-p6a.ch\/wp-content\/uploads\/2025\/06\/e15b7d7c-a05f-4aeb-acd9-f79085f70c3b.jpg 745w, https:\/\/xn--lasmuecas-p6a.ch\/wp-content\/uploads\/2025\/06\/e15b7d7c-a05f-4aeb-acd9-f79085f70c3b-230x300.jpg 230w\" sizes=\"(max-width: 745px) 100vw, 745px\" \/>\t\t\t\t\t\t\t\t<\/a>\n\t\t\t\t\t\t\t\t\t\t\t\t\t\t\t<\/div>\n\t\t\t\t<\/div>\n\t\t\t\t\t<\/div>\n\t\t\t\t<\/div>\n\t\t<div class=\"elementor-element elementor-element-5076a37 e-flex e-con-boxed e-con e-parent\" data-id=\"5076a37\" data-element_type=\"container\" data-settings=\"{&quot;animation_mobile&quot;:&quot;zoomIn&quot;}\">\n\t\t\t\t\t<div class=\"e-con-inner\">\n\t\t\t\t<div class=\"elementor-element elementor-element-1a5d746 elementor-widget elementor-widget-heading\" data-id=\"1a5d746\" data-element_type=\"widget\" data-widget_type=\"heading.default\">\n\t\t\t\t<div class=\"elementor-widget-container\">\n\t\t\t\t\t<h2 class=\"elementor-heading-title elementor-size-default\">BRENDA<\/h2>\t\t\t\t<\/div>\n\t\t\t\t<\/div>\n\t\t\t\t<div class=\"elementor-element elementor-element-cbf5f67 elementor-widget elementor-widget-image\" data-id=\"cbf5f67\" data-element_type=\"widget\" data-widget_type=\"image.default\">\n\t\t\t\t<div class=\"elementor-widget-container\">\n\t\t\t\t\t\t\t\t\t\t\t\t\t\t\t\t<a href=\"https:\/\/xn--lasmuecas-p6a.ch\/?page_id=155\" target=\"_blank\">\n\t\t\t\t\t\t\t<img decoding=\"async\" width=\"450\" height=\"600\" src=\"https:\/\/xn--lasmuecas-p6a.ch\/wp-content\/uploads\/2025\/05\/WhatsApp-Image-2025-05-08-at-23.57.32-1.jpeg\" class=\"attachment-medium_large size-medium_large wp-image-37\" alt=\"\" srcset=\"https:\/\/xn--lasmuecas-p6a.ch\/wp-content\/uploads\/2025\/05\/WhatsApp-Image-2025-05-08-at-23.57.32-1.jpeg 450w, https:\/\/xn--lasmuecas-p6a.ch\/wp-content\/uploads\/2025\/05\/WhatsApp-Image-2025-05-08-at-23.57.32-1-225x300.jpeg 225w\" sizes=\"(max-width: 450px) 100vw, 450px\" \/>\t\t\t\t\t\t\t\t<\/a>\n\t\t\t\t\t\t\t\t\t\t\t\t\t\t\t<\/div>\n\t\t\t\t<\/div>\n\t\t\t\t\t<\/div>\n\t\t\t\t<\/div>\n\t\t<div class=\"elementor-element elementor-element-047b2c6 e-flex e-con-boxed e-con e-parent\" data-id=\"047b2c6\" data-element_type=\"container\">\n\t\t\t\t\t<div class=\"e-con-inner\">\n\t\t\t\t<div class=\"elementor-element elementor-element-5d443b2 elementor-widget elementor-widget-heading\" data-id=\"5d443b2\" data-element_type=\"widget\" data-settings=\"{&quot;_animation_mobile&quot;:&quot;zoomIn&quot;}\" data-widget_type=\"heading.default\">\n\t\t\t\t<div class=\"elementor-widget-container\">\n\t\t\t\t\t<h2 class=\"elementor-heading-title elementor-size-default\">Freie Parkpl\u00e4tze vor dem Haus<\/h2>\t\t\t\t<\/div>\n\t\t\t\t<\/div>\n\t\t\t\t\t<\/div>\n\t\t\t\t<\/div>\n\t\t<div class=\"elementor-element elementor-element-2bf7e2e e-flex e-con-boxed e-con e-parent\" data-id=\"2bf7e2e\" data-element_type=\"container\">\n\t\t\t\t\t<div class=\"e-con-inner\">\n\t\t\t\t<div class=\"elementor-element elementor-element-1419fbc elementor-widget elementor-widget-heading\" data-id=\"1419fbc\" data-element_type=\"widget\" data-widget_type=\"heading.default\">\n\t\t\t\t<div class=\"elementor-widget-container\">\n\t\t\t\t\t<h2 class=\"elementor-heading-title elementor-size-default\">ADRESSE:<\/h2>\t\t\t\t<\/div>\n\t\t\t\t<\/div>\n\t\t\t\t<div class=\"elementor-element elementor-element-bbc5161 elementor-widget elementor-widget-heading\" data-id=\"bbc5161\" data-element_type=\"widget\" data-widget_type=\"heading.default\">\n\t\t\t\t<div class=\"elementor-widget-container\">\n\t\t\t\t\t<h1 class=\"elementor-heading-title elementor-size-default\"><span style=\"font-size: 28.1568px\">Kreuzlingerstr. 19 <\/span><br><span style=\"font-size: 28.1568px\">8555 M\u00fcllheim - CH<\/span><\/h1>\t\t\t\t<\/div>\n\t\t\t\t<\/div>\n\t\t\t\t<div class=\"elementor-element elementor-element-b06c97a elementor-widget elementor-widget-google_maps\" data-id=\"b06c97a\" data-element_type=\"widget\" data-widget_type=\"google_maps.default\">\n\t\t\t\t<div class=\"elementor-widget-container\">\n\t\t\t\t\t\t\t<div class=\"elementor-custom-embed\">\n\t\t\t<iframe loading=\"lazy\"\n\t\t\t\t\tsrc=\"https:\/\/maps.google.com\/maps?q=Kreuzlingerstrasse%2019%2C%208555%20M%C3%BCllheim&#038;t=m&#038;z=10&#038;output=embed&#038;iwloc=near\"\n\t\t\t\t\ttitle=\"Kreuzlingerstrasse 19, 8555 M\u00fcllheim\"\n\t\t\t\t\taria-label=\"Kreuzlingerstrasse 19, 8555 M\u00fcllheim\"\n\t\t\t><\/iframe>\n\t\t<\/div>\n\t\t\t\t\t\t<\/div>\n\t\t\t\t<\/div>\n\t\t\t\t\t<\/div>\n\t\t\t\t<\/div>\n\t\t<div class=\"elementor-element elementor-element-1a9d61d e-flex e-con-boxed e-con e-parent\" data-id=\"1a9d61d\" data-element_type=\"container\">\n\t\t\t\t\t<div class=\"e-con-inner\">\n\t\t<div class=\"elementor-element elementor-element-04c3dd3 e-con-full e-flex e-con e-child\" data-id=\"04c3dd3\" data-element_type=\"container\">\n\t\t\t\t<div class=\"elementor-element elementor-element-8af45e9 elementor-widget elementor-widget-heading\" data-id=\"8af45e9\" data-element_type=\"widget\" data-widget_type=\"heading.default\">\n\t\t\t\t<div class=\"elementor-widget-container\">\n\t\t\t\t\t<h5 class=\"elementor-heading-title elementor-size-default\"><a href=\"https:\/\/xn--lasmuecas-p6a.ch\/?page_id=349\">DAS AMBIENTE<\/a><\/h5>\t\t\t\t<\/div>\n\t\t\t\t<\/div>\n\t\t\t\t<\/div>\n\t\t<div class=\"elementor-element elementor-element-d8cf5d8 e-con-full e-flex e-con e-child\" data-id=\"d8cf5d8\" data-element_type=\"container\">\n\t\t\t\t<div class=\"elementor-element elementor-element-6232fd2 elementor-widget elementor-widget-heading\" data-id=\"6232fd2\" data-element_type=\"widget\" data-widget_type=\"heading.default\">\n\t\t\t\t<div class=\"elementor-widget-container\">\n\t\t\t\t\t<h5 class=\"elementor-heading-title elementor-size-default\"><a href=\"https:\/\/xn--lasmuecas-p6a.ch\/?page_id=224\">PREISE<\/a><\/h5>\t\t\t\t<\/div>\n\t\t\t\t<\/div>\n\t\t\t\t<\/div>\n\t\t<div class=\"elementor-element elementor-element-7553015 e-con-full e-flex e-con e-child\" data-id=\"7553015\" data-element_type=\"container\">\n\t\t\t\t<div class=\"elementor-element elementor-element-8d1b22f elementor-widget elementor-widget-heading\" data-id=\"8d1b22f\" data-element_type=\"widget\" data-widget_type=\"heading.default\">\n\t\t\t\t<div class=\"elementor-widget-container\">\n\t\t\t\t\t<h5 class=\"elementor-heading-title elementor-size-default\"><a href=\"https:\/\/xn--lasmuecas-p6a.ch\/?page_id=222\">KONTAKT<\/a><\/h5>\t\t\t\t<\/div>\n\t\t\t\t<\/div>\n\t\t\t\t<\/div>\n\t\t<div class=\"elementor-element elementor-element-ecf1288 e-con-full e-flex e-con e-child\" data-id=\"ecf1288\" data-element_type=\"container\">\n\t\t\t\t<div class=\"elementor-element elementor-element-2632cf8 elementor-widget elementor-widget-heading\" data-id=\"2632cf8\" data-element_type=\"widget\" data-widget_type=\"heading.default\">\n\t\t\t\t<div class=\"elementor-widget-container\">\n\t\t\t\t\t<h5 class=\"elementor-heading-title elementor-size-default\"><a href=\"https:\/\/xn--lasmuecas-p6a.ch\/?page_id=319\">PRIVACY<\/a><\/h5>\t\t\t\t<\/div>\n\t\t\t\t<\/div>\n\t\t\t\t<\/div>\n\t\t\t\t\t<\/div>\n\t\t\t\t<\/div>\n\t\t<div class=\"elementor-element elementor-element-3bae5cc e-flex e-con-boxed e-con e-parent\" data-id=\"3bae5cc\" data-element_type=\"container\">\n\t\t\t\t\t<div class=\"e-con-inner\">\n\t\t\t\t<div class=\"elementor-element elementor-element-55d10d4 elementor-widget elementor-widget-heading\" data-id=\"55d10d4\" data-element_type=\"widget\" data-widget_type=\"heading.default\">\n\t\t\t\t<div class=\"elementor-widget-container\">\n\t\t\t\t\t<h2 class=\"elementor-heading-title elementor-size-default\">Gib hier deine \u00dcberschrift ein<\/h2>\t\t\t\t<\/div>\n\t\t\t\t<\/div>\n\t\t\t\t\t<\/div>\n\t\t\t\t<\/div>\n\t\t\t\t<\/div>\n\t\t","protected":false},"excerpt":{"rendered":"<p>REBECCA LORENA BRENDA Freie Parkpl\u00e4tze vor dem Haus ADRESSE: Kreuzlingerstr. 19 8555 M\u00fcllheim &#8211; CH DAS AMBIENTE PREISE KONTAKT PRIVACY Gib hier deine \u00dcberschrift ein<\/p>\n","protected":false},"author":1,"featured_media":0,"parent":0,"menu_order":0,"comment_status":"closed","ping_status":"closed","template":"","meta":{"footnotes":""},"class_list":["post-43","page","type-page","status-publish","hentry"],"_links":{"self":[{"href":"https:\/\/xn--lasmuecas-p6a.ch\/index.php?rest_route=\/wp\/v2\/pages\/43","targetHints":{"allow":["GET"]}}],"collection":[{"href":"https:\/\/xn--lasmuecas-p6a.ch\/index.php?rest_route=\/wp\/v2\/pages"}],"about":[{"href":"https:\/\/xn--lasmuecas-p6a.ch\/index.php?rest_route=\/wp\/v2\/types\/page"}],"author":[{"embeddable":true,"href":"https:\/\/xn--lasmuecas-p6a.ch\/index.php?rest_route=\/wp\/v2\/users\/1"}],"replies":[{"embeddable":true,"href":"https:\/\/xn--lasmuecas-p6a.ch\/index.php?rest_route=%2Fwp%2Fv2%2Fcomments&post=43"}],"version-history":[{"count":197,"href":"https:\/\/xn--lasmuecas-p6a.ch\/index.php?rest_route=\/wp\/v2\/pages\/43\/revisions"}],"predecessor-version":[{"id":860,"href":"https:\/\/xn--lasmuecas-p6a.ch\/index.php?rest_route=\/wp\/v2\/pages\/43\/revisions\/860"}],"wp:attachment":[{"href":"https:\/\/xn--lasmuecas-p6a.ch\/index.php?rest_route=%2Fwp%2Fv2%2Fmedia&parent=43"}],"curies":[{"name":"wp","href":"https:\/\/api.w.org\/{rel}","templated":true}]}}